{"id":722,"date":"2019-12-04T14:15:18","date_gmt":"2019-12-04T14:15:18","guid":{"rendered":"https:\/\/grips-energy.com\/nextv?page_id=722"},"modified":"2024-05-29T07:36:28","modified_gmt":"2024-05-29T07:36:28","slug":"industries","status":"publish","type":"page","link":"https:\/\/grips-energy.com\/fr\/industries\/","title":{"rendered":"Industries"},"content":{"rendered":"\n<div class=\"wp-block-media-text alignwide is-stacked-on-mobile content-alt-list-media-left-2\"><figure class=\"wp-block-media-text__media\"><img loading=\"lazy\" decoding=\"async\" width=\"960\" height=\"760\" src=\"https:\/\/grips-energy.com\/wp-content\/uploads\/2020\/02\/GRIPS_INDUSTRIES_RELIABLE_AND_SUSTAINABLE.jpg\" alt=\"\" class=\"wp-image-530 size-full\" srcset=\"https:\/\/grips-energy.com\/wp-content\/uploads\/2020\/02\/GRIPS_INDUSTRIES_RELIABLE_AND_SUSTAINABLE.jpg 960w, https:\/\/grips-energy.com\/wp-content\/uploads\/2020\/02\/GRIPS_INDUSTRIES_RELIABLE_AND_SUSTAINABLE-300x238.jpg 300w, https:\/\/grips-energy.com\/wp-content\/uploads\/2020\/02\/GRIPS_INDUSTRIES_RELIABLE_AND_SUSTAINABLE-768x608.jpg 768w\" sizes=\"auto, (max-width: 960px) 100vw, 960px\" \/><\/figure><div class=\"wp-block-media-text__content\">\n<h4 class=\"wp-block-heading\">Des solutions \u00e9nerg\u00e9tiques s\u00fbres et \u00e9cologiques pour votre secteur d\u2019activit\u00e9<\/h4>\n\n\n\n<p class=\"small-font\">Chaque client et chaque projet est unique. Nos experts connaissent aussi bien les exigences sp\u00e9cifiques du client que les conditions g\u00e9n\u00e9rales de son secteur d&rsquo;activit\u00e9. Par cons\u00e9quent, nous adaptons nos solutions aux besoins de nos clients tout en respectant les normes en vigueur dans le secteur concern\u00e9.<\/p>\n<\/div><\/div>\n\n\n\n<div class=\"wp-block-group alignfull content-black-group black-v1\"><div class=\"wp-block-group__inner-container is-layout-flow wp-block-group-is-layout-flow\">\n<p class=\"header-on-black\">CONTACTEZ-<span>NOUS !<\/span><\/p>\n\n\n\n<p>Contactez-nous pour commencer \u00e0 d\u00e9velopper votre projet avec GRIPS !<\/p>\n\n\n\n<p class=\"contact-us-link\"><a href=\"https:\/\/grips-energy.com\/fr\/contact\/\">Contactez-nous maintenant<\/a><\/p>\n<\/div><\/div>\n\n\n\n<div class=\"wp-block-columns is-layout-flex wp-container-core-columns-is-layout-9d6595d7 wp-block-columns-is-layout-flex\">\n<div class=\"wp-block-column is-layout-flow wp-block-column-is-layout-flow\">\n<p class=\"header-36\">TROUVEZ<br>VOTRE SECTEUR D\u2019ACTIVIT\u00c9<\/p>\n<\/div>\n\n\n\n<div class=\"wp-block-column is-layout-flow wp-block-column-is-layout-flow\">\n<p class=\"small-font\"><\/p>\n<\/div>\n<\/div>\n\n\n\n<a name=\"industrial-and-manufacturing\" class=\"lowered-anchor\"><\/a>\n\n\n\n<div class=\"wp-block-media-text alignwide has-media-on-the-right content-alt-list-media-right-2\"><div class=\"wp-block-media-text__content\">\n<h4 class=\"wp-block-heading\">Industrie manufacturi\u00e8re : \u00e9nergie verte, rentable et sans interruption<\/h4>\n\n\n\n<p class=\"small-font\">Vous dirigez une entreprise dans le secteur manufacturier, l&rsquo;exploitation mini\u00e8re, la transformation des mati\u00e8res premi\u00e8res, l&rsquo;agro-alimentaire, la production des boissons, l\u2019industrie textile, l&rsquo;agriculture ou d&rsquo;autres secteurs manufacturiers dans un pays Africain ou d\u2019Asie du Sud-Est ?<\/p>\n\n\n\n<p class=\"expand-handle\"><a href=\"#\">En savoir plus<\/a><\/p>\n\n\n\n<p class=\"expand-content small-font\">Laissez-nous vous aider \u00e0 cr\u00e9er un syst\u00e8me \u00e9nerg\u00e9tique qui assure \u00e0 vos machines et \u00e9quipements lourds une alimentation \u00e9lectrique sans interruption, rentable et propre. \u00c9vitez les variations de fr\u00e9quence et les coupures de courant qui perturbent votre activit\u00e9.<\/p>\n\n\n\n<p class=\"expand-content small-font\">GRIPS vous aidera \u00e0 devenir plus ind\u00e9pendant du r\u00e9seau public et \u00e0 assurer une production qui fonctionne 24 heures sur 24 et 7 jours sur 7.<\/p>\n<\/div><figure class=\"wp-block-media-text__media\"><img loading=\"lazy\" decoding=\"async\" width=\"960\" height=\"760\" src=\"https:\/\/grips-energy.com\/wp-content\/uploads\/2020\/02\/GRIPS_INDUSTRIES_MANUFACTURING.jpg\" alt=\"\" class=\"wp-image-532 size-full\" srcset=\"https:\/\/grips-energy.com\/wp-content\/uploads\/2020\/02\/GRIPS_INDUSTRIES_MANUFACTURING.jpg 960w, https:\/\/grips-energy.com\/wp-content\/uploads\/2020\/02\/GRIPS_INDUSTRIES_MANUFACTURING-300x238.jpg 300w, https:\/\/grips-energy.com\/wp-content\/uploads\/2020\/02\/GRIPS_INDUSTRIES_MANUFACTURING-768x608.jpg 768w\" sizes=\"auto, (max-width: 960px) 100vw, 960px\" \/><\/figure><\/div>\n\n\n\n<a name=\"service-and-commercial\" class=\"lowered-anchor\"><\/a>\n\n\n\n<div class=\"wp-block-media-text alignwide content-alt-list-media-left-3\"><figure class=\"wp-block-media-text__media\"><img loading=\"lazy\" decoding=\"async\" width=\"960\" height=\"760\" src=\"https:\/\/grips-energy.com\/wp-content\/uploads\/2020\/02\/GRIPS_INDUSTRIES_COMMERCIAL_SERVICES.jpg\" alt=\"\" class=\"wp-image-533 size-full\" srcset=\"https:\/\/grips-energy.com\/wp-content\/uploads\/2020\/02\/GRIPS_INDUSTRIES_COMMERCIAL_SERVICES.jpg 960w, https:\/\/grips-energy.com\/wp-content\/uploads\/2020\/02\/GRIPS_INDUSTRIES_COMMERCIAL_SERVICES-300x238.jpg 300w, https:\/\/grips-energy.com\/wp-content\/uploads\/2020\/02\/GRIPS_INDUSTRIES_COMMERCIAL_SERVICES-768x608.jpg 768w\" sizes=\"auto, (max-width: 960px) 100vw, 960px\" \/><\/figure><div class=\"wp-block-media-text__content\">\n<h4 class=\"wp-block-heading\">Activit\u00e9s de commerce et de services: des solutions intelligentes d&rsquo;\u00e9nergie propre parfaitement int\u00e9gr\u00e9es<\/h4>\n\n\n\n<p class=\"small-font\">Vous dirigez une activit\u00e9 de commerce ou de services, telle qu&rsquo;un supermarch\u00e9, un centre commercial, un centre de donn\u00e9es, un hub logistique, un entrep\u00f4t, un complexe r\u00e9sidentiel ou un h\u00f4tel dans un pays Africain ou d\u2019Asie du Sud-Est&nbsp;?<\/p>\n\n\n\n<p class=\"expand-handle\"><a href=\"#\">En savoir plus<\/a><\/p>\n\n\n\n<p class=\"expand-content small-font\">Que vous deviez prot\u00e9ger des denr\u00e9es p\u00e9rissables, exploiter des infrastructures informatiques sensibles ou accueillir des r\u00e9sidents et des h\u00f4tes, nous comprenons que vous devez pouvoir compter sur une alimentation en \u00e9lectricit\u00e9 sans interruption, notamment si votre activit\u00e9 est dict\u00e9e par les marges. Vous voulez vous appuyer sur une alimentation en \u00e9nergie intelligente, adapt\u00e9e et \u00e9conomique, plut\u00f4t que de d\u00e9pendre d&rsquo;un syst\u00e8me standard co\u00fbteux.<\/p>\n\n\n\n<p class=\"expand-content small-font\"> Nous proposons donc \u00e0 nos clients une phase d&rsquo;\u00e9valuation compl\u00e8te pour identifier les crit\u00e8res de consommation d&rsquo;\u00e9nergie les plus pertinents de l&rsquo;entreprise. S&rsquo;agit-il de l&rsquo;\u00e9clairage ? Du refroidissement ? De la ventilation ? Des syst\u00e8mes de s\u00e9curit\u00e9 ? Nous proc\u00e9dons \u00e0 une analyse approfondie avant de concevoir une solution d&rsquo;alimentation r\u00e9pondant pr\u00e9cis\u00e9ment \u00e0 vos besoins \u00e9nerg\u00e9tiques. Le r\u00e9sultat a non seulement des effets positifs sur votre r\u00e9sultat net, mais il r\u00e9duit aussi la pollution et votre empreinte carbone. De plus, vous b\u00e9n\u00e9ficiez exactement du degr\u00e9 d&rsquo;autonomie \u00e9nerg\u00e9tique que vous souhaitez.<\/p>\n<\/div><\/div>\n\n\n\n<a name=\"industry-parks\" class=\"lowered-anchor\"><\/a>\n\n\n\n<div class=\"wp-block-media-text alignwide has-media-on-the-right content-alt-list-media-right-2\"><div class=\"wp-block-media-text__content\">\n<h4 class=\"wp-block-heading\">Zones industrielles : \u00e9nergie fiable et exempte de CO2<\/h4>\n\n\n\n<p class=\"small-font\">Vous d\u00e9veloppez ou exploitez une zone industrielle sur un march\u00e9 \u00e9mergent ?<\/p>\n\n\n\n<p class=\"expand-handle\"><a href=\"#\">En savoir plus<\/a><\/p>\n\n\n\n<p class=\"expand-content small-font\">Pour les acheteurs et les investisseurs internationaux, la question de la pollution et des \u00e9missions de CO2 devient un facteur de plus en plus important pour prendre leurs d\u00e9cisions. Renforcez l&rsquo;attrait de votre entreprise en offrant une source d\u2019\u00e9lectricit\u00e9 fiable et rentable avec une faible empreinte carbone.<\/p>\n\n\n\n<p class=\"expand-content small-font\">Les syst\u00e8mes \u00e0 \u00e9nergies renouvelables con\u00e7us et exploit\u00e9s par GRIPS vous aident \u00e0 r\u00e9duire de mani\u00e8re significative votre empreinte \u00e9cologique tout en r\u00e9duisant vos co\u00fbts unitaires d&rsquo;\u00e9nergie et en augmentant le temps de fonctionnement de vos machines et \u00e9quipements. Toutes nos solutions sont fiables, \u00e0 un prix comp\u00e9titif, et \u00e9volutives en fonction de la croissance continue de vos parcs industriels.<\/p>\n<\/div><figure class=\"wp-block-media-text__media\"><img loading=\"lazy\" decoding=\"async\" width=\"960\" height=\"760\" src=\"https:\/\/grips-energy.com\/wp-content\/uploads\/2020\/02\/GRIPS_INDUSTRIES_INDUSTRIAL_PARK.jpg\" alt=\"\" class=\"wp-image-534 size-full\" srcset=\"https:\/\/grips-energy.com\/wp-content\/uploads\/2020\/02\/GRIPS_INDUSTRIES_INDUSTRIAL_PARK.jpg 960w, https:\/\/grips-energy.com\/wp-content\/uploads\/2020\/02\/GRIPS_INDUSTRIES_INDUSTRIAL_PARK-300x238.jpg 300w, https:\/\/grips-energy.com\/wp-content\/uploads\/2020\/02\/GRIPS_INDUSTRIES_INDUSTRIAL_PARK-768x608.jpg 768w\" sizes=\"auto, (max-width: 960px) 100vw, 960px\" \/><\/figure><\/div>\n\n\n\n<a name=\"mini-grids\" class=\"lowered-anchor\"><\/a>\n\n\n\n<div class=\"wp-block-media-text alignwide content-alt-list-media-left-3\"><figure class=\"wp-block-media-text__media\"><img loading=\"lazy\" decoding=\"async\" width=\"960\" height=\"760\" src=\"https:\/\/grips-energy.com\/wp-content\/uploads\/2020\/02\/GRIPS_INDUSTRIES_INDUSTRIAL_MICRO_GRID.jpg\" alt=\"\" class=\"wp-image-535 size-full\" srcset=\"https:\/\/grips-energy.com\/wp-content\/uploads\/2020\/02\/GRIPS_INDUSTRIES_INDUSTRIAL_MICRO_GRID.jpg 960w, https:\/\/grips-energy.com\/wp-content\/uploads\/2020\/02\/GRIPS_INDUSTRIES_INDUSTRIAL_MICRO_GRID-300x238.jpg 300w, https:\/\/grips-energy.com\/wp-content\/uploads\/2020\/02\/GRIPS_INDUSTRIES_INDUSTRIAL_MICRO_GRID-768x608.jpg 768w\" sizes=\"auto, (max-width: 960px) 100vw, 960px\" \/><\/figure><div class=\"wp-block-media-text__content\">\n<h4 class=\"wp-block-heading\">Micro-r\u00e9seau ou mini-r\u00e9seau : alimentation en \u00e9nergie \u00ab&nbsp;verte&nbsp;\u00bb<\/h4>\n\n\n\n<p class=\"small-font\">Vous envisagez de mettre en place un micro- re\u0301seau ou un mini-re\u0301seau pour garantir une e\u0301nergie fiable et propre pour la collectivite\u0301 et ses activite\u0301s commerciales dans un pays d&rsquo;Afrique ou d&rsquo;Asie du Sud-Est ?<\/p>\n\n\n\n<p class=\"expand-handle\"><a href=\"#\">En savoir plus<\/a><\/p>\n\n\n\n<p class=\"expand-content small-font\">Vous envisagez de mettre en place un micro-r\u00e9seau ou un mini-r\u00e9seau pour garantir une \u00e9nergie fiable et propre pour la collectivit\u00e9 et ses activit\u00e9s commerciales dans un pays d&rsquo;Afrique ou d&rsquo;Asie du Sud-Est ?<\/p>\n\n\n\n<p class=\"expand-content small-font\">Ainsi, vous pouvez vous concentrer sur votre activit\u00e9 principale tandis que nous vous fournissons l&rsquo;expertise technique et financi\u00e8re afin de concevoir un syst\u00e8me de production d&rsquo;\u00e9lectricit\u00e9 sur mesure pour vous, avec la plus grande part d&rsquo;\u00e9nergies renouvelables possible.<br><br><\/p>\n<\/div><\/div>\n\n\n\n<p><\/p>\n","protected":false},"excerpt":{"rendered":"<p>Des solutions \u00e9nerg\u00e9tiques s\u00fbres et \u00e9cologiques pour votre secteur d\u2019activit\u00e9 Chaque client et chaque projet est unique. Nos experts connaissent aussi bien les exigences sp\u00e9cifiques du client que les conditions g\u00e9n\u00e9rales de son secteur d&rsquo;activit\u00e9. Par cons\u00e9quent, nous adaptons nos solutions aux besoins de nos clients tout en respectant les normes en vigueur dans le [&hellip;]<\/p>\n","protected":false},"author":11,"featured_media":724,"parent":0,"menu_order":0,"comment_status":"closed","ping_status":"closed","template":"templates\/template-cover.php","meta":{"_monsterinsights_skip_tracking":false,"_monsterinsights_sitenote_active":false,"_monsterinsights_sitenote_note":"","_monsterinsights_sitenote_category":0,"footnotes":""},"class_list":["post-722","page","type-page","status-publish","has-post-thumbnail","hentry"],"yoast_head":"<!-- This site is optimized with the Yoast SEO plugin v27.5 - https:\/\/yoast.com\/product\/yoast-seo-wordpress\/ -->\n<title>Industries - GRIPS<\/title>\n<meta name=\"robots\" content=\"index, follow, max-snippet:-1, max-image-preview:large, max-video-preview:-1\" \/>\n<link rel=\"canonical\" href=\"https:\/\/grips-energy.com\/fr\/industries\/\" \/>\n<meta property=\"og:locale\" content=\"fr_FR\" \/>\n<meta property=\"og:type\" content=\"article\" \/>\n<meta property=\"og:title\" content=\"Industries - GRIPS\" \/>\n<meta property=\"og:description\" content=\"Des solutions \u00e9nerg\u00e9tiques s\u00fbres et \u00e9cologiques pour votre secteur d\u2019activit\u00e9 Chaque client et chaque projet est unique. Nos experts connaissent aussi bien les exigences sp\u00e9cifiques du client que les conditions g\u00e9n\u00e9rales de son secteur d&rsquo;activit\u00e9. Par cons\u00e9quent, nous adaptons nos solutions aux besoins de nos clients tout en respectant les normes en vigueur dans le [&hellip;]\" \/>\n<meta property=\"og:url\" content=\"https:\/\/grips-energy.com\/fr\/industries\/\" \/>\n<meta property=\"og:site_name\" content=\"GRIPS\" \/>\n<meta property=\"article:publisher\" content=\"https:\/\/www.facebook.com\/GRIPSenergy\/\" \/>\n<meta property=\"article:modified_time\" content=\"2024-05-29T07:36:28+00:00\" \/>\n<meta property=\"og:image\" content=\"https:\/\/grips-energy.com\/wp-content\/uploads\/2020\/02\/GRIPS_HERO_INDUSTRIES.jpg\" \/>\n\t<meta property=\"og:image:width\" content=\"2500\" \/>\n\t<meta property=\"og:image:height\" content=\"1250\" \/>\n\t<meta property=\"og:image:type\" content=\"image\/jpeg\" \/>\n<meta name=\"twitter:card\" content=\"summary_large_image\" \/>\n<meta name=\"twitter:site\" content=\"@GripsEnergy\" \/>\n<meta name=\"twitter:label1\" content=\"Dur\u00e9e de lecture estim\u00e9e\" \/>\n\t<meta name=\"twitter:data1\" content=\"4 minutes\" \/>\n<script type=\"application\/ld+json\" class=\"yoast-schema-graph\">{\"@context\":\"https:\\\/\\\/schema.org\",\"@graph\":[{\"@type\":\"WebPage\",\"@id\":\"https:\\\/\\\/grips-energy.com\\\/fr\\\/industries\\\/\",\"url\":\"https:\\\/\\\/grips-energy.com\\\/fr\\\/industries\\\/\",\"name\":\"Industries - GRIPS\",\"isPartOf\":{\"@id\":\"https:\\\/\\\/grips-energy.com\\\/#website\"},\"primaryImageOfPage\":{\"@id\":\"https:\\\/\\\/grips-energy.com\\\/fr\\\/industries\\\/#primaryimage\"},\"image\":{\"@id\":\"https:\\\/\\\/grips-energy.com\\\/fr\\\/industries\\\/#primaryimage\"},\"thumbnailUrl\":\"https:\\\/\\\/grips-energy.com\\\/wp-content\\\/uploads\\\/2020\\\/02\\\/GRIPS_HERO_INDUSTRIES.jpg\",\"datePublished\":\"2019-12-04T14:15:18+00:00\",\"dateModified\":\"2024-05-29T07:36:28+00:00\",\"breadcrumb\":{\"@id\":\"https:\\\/\\\/grips-energy.com\\\/fr\\\/industries\\\/#breadcrumb\"},\"inLanguage\":\"fr-FR\",\"potentialAction\":[{\"@type\":\"ReadAction\",\"target\":[\"https:\\\/\\\/grips-energy.com\\\/fr\\\/industries\\\/\"]}]},{\"@type\":\"ImageObject\",\"inLanguage\":\"fr-FR\",\"@id\":\"https:\\\/\\\/grips-energy.com\\\/fr\\\/industries\\\/#primaryimage\",\"url\":\"https:\\\/\\\/grips-energy.com\\\/wp-content\\\/uploads\\\/2020\\\/02\\\/GRIPS_HERO_INDUSTRIES.jpg\",\"contentUrl\":\"https:\\\/\\\/grips-energy.com\\\/wp-content\\\/uploads\\\/2020\\\/02\\\/GRIPS_HERO_INDUSTRIES.jpg\",\"width\":2500,\"height\":1250},{\"@type\":\"BreadcrumbList\",\"@id\":\"https:\\\/\\\/grips-energy.com\\\/fr\\\/industries\\\/#breadcrumb\",\"itemListElement\":[{\"@type\":\"ListItem\",\"position\":1,\"name\":\"Home\",\"item\":\"https:\\\/\\\/grips-energy.com\\\/fr\\\/\"},{\"@type\":\"ListItem\",\"position\":2,\"name\":\"Industries\"}]},{\"@type\":\"WebSite\",\"@id\":\"https:\\\/\\\/grips-energy.com\\\/#website\",\"url\":\"https:\\\/\\\/grips-energy.com\\\/\",\"name\":\"GRIPS Energy\",\"description\":\"Clean energy solutions for your business\",\"publisher\":{\"@id\":\"https:\\\/\\\/grips-energy.com\\\/#organization\"},\"potentialAction\":[{\"@type\":\"SearchAction\",\"target\":{\"@type\":\"EntryPoint\",\"urlTemplate\":\"https:\\\/\\\/grips-energy.com\\\/?s={search_term_string}\"},\"query-input\":{\"@type\":\"PropertyValueSpecification\",\"valueRequired\":true,\"valueName\":\"search_term_string\"}}],\"inLanguage\":\"fr-FR\"},{\"@type\":\"Organization\",\"@id\":\"https:\\\/\\\/grips-energy.com\\\/#organization\",\"name\":\"GRIPS Energy GmbH\",\"url\":\"https:\\\/\\\/grips-energy.com\\\/\",\"logo\":{\"@type\":\"ImageObject\",\"inLanguage\":\"fr-FR\",\"@id\":\"https:\\\/\\\/grips-energy.com\\\/#\\\/schema\\\/logo\\\/image\\\/\",\"url\":\"https:\\\/\\\/grips-energy.com\\\/wp-content\\\/uploads\\\/2024\\\/04\\\/GRIPS_Logo-cropped.png\",\"contentUrl\":\"https:\\\/\\\/grips-energy.com\\\/wp-content\\\/uploads\\\/2024\\\/04\\\/GRIPS_Logo-cropped.png\",\"width\":1000,\"height\":563,\"caption\":\"GRIPS Energy GmbH\"},\"image\":{\"@id\":\"https:\\\/\\\/grips-energy.com\\\/#\\\/schema\\\/logo\\\/image\\\/\"},\"sameAs\":[\"https:\\\/\\\/www.facebook.com\\\/GRIPSenergy\\\/\",\"https:\\\/\\\/x.com\\\/GripsEnergy\",\"https:\\\/\\\/www.linkedin.com\\\/company\\\/grips-ag-energy-service-company\\\/\"]}]}<\/script>\n<!-- \/ Yoast SEO plugin. -->","yoast_head_json":{"title":"Industries - GRIPS","robots":{"index":"index","follow":"follow","max-snippet":"max-snippet:-1","max-image-preview":"max-image-preview:large","max-video-preview":"max-video-preview:-1"},"canonical":"https:\/\/grips-energy.com\/fr\/industries\/","og_locale":"fr_FR","og_type":"article","og_title":"Industries - GRIPS","og_description":"Des solutions \u00e9nerg\u00e9tiques s\u00fbres et \u00e9cologiques pour votre secteur d\u2019activit\u00e9 Chaque client et chaque projet est unique. Nos experts connaissent aussi bien les exigences sp\u00e9cifiques du client que les conditions g\u00e9n\u00e9rales de son secteur d&rsquo;activit\u00e9. Par cons\u00e9quent, nous adaptons nos solutions aux besoins de nos clients tout en respectant les normes en vigueur dans le [&hellip;]","og_url":"https:\/\/grips-energy.com\/fr\/industries\/","og_site_name":"GRIPS","article_publisher":"https:\/\/www.facebook.com\/GRIPSenergy\/","article_modified_time":"2024-05-29T07:36:28+00:00","og_image":[{"width":2500,"height":1250,"url":"https:\/\/grips-energy.com\/wp-content\/uploads\/2020\/02\/GRIPS_HERO_INDUSTRIES.jpg","type":"image\/jpeg"}],"twitter_card":"summary_large_image","twitter_site":"@GripsEnergy","twitter_misc":{"Dur\u00e9e de lecture estim\u00e9e":"4 minutes"},"schema":{"@context":"https:\/\/schema.org","@graph":[{"@type":"WebPage","@id":"https:\/\/grips-energy.com\/fr\/industries\/","url":"https:\/\/grips-energy.com\/fr\/industries\/","name":"Industries - GRIPS","isPartOf":{"@id":"https:\/\/grips-energy.com\/#website"},"primaryImageOfPage":{"@id":"https:\/\/grips-energy.com\/fr\/industries\/#primaryimage"},"image":{"@id":"https:\/\/grips-energy.com\/fr\/industries\/#primaryimage"},"thumbnailUrl":"https:\/\/grips-energy.com\/wp-content\/uploads\/2020\/02\/GRIPS_HERO_INDUSTRIES.jpg","datePublished":"2019-12-04T14:15:18+00:00","dateModified":"2024-05-29T07:36:28+00:00","breadcrumb":{"@id":"https:\/\/grips-energy.com\/fr\/industries\/#breadcrumb"},"inLanguage":"fr-FR","potentialAction":[{"@type":"ReadAction","target":["https:\/\/grips-energy.com\/fr\/industries\/"]}]},{"@type":"ImageObject","inLanguage":"fr-FR","@id":"https:\/\/grips-energy.com\/fr\/industries\/#primaryimage","url":"https:\/\/grips-energy.com\/wp-content\/uploads\/2020\/02\/GRIPS_HERO_INDUSTRIES.jpg","contentUrl":"https:\/\/grips-energy.com\/wp-content\/uploads\/2020\/02\/GRIPS_HERO_INDUSTRIES.jpg","width":2500,"height":1250},{"@type":"BreadcrumbList","@id":"https:\/\/grips-energy.com\/fr\/industries\/#breadcrumb","itemListElement":[{"@type":"ListItem","position":1,"name":"Home","item":"https:\/\/grips-energy.com\/fr\/"},{"@type":"ListItem","position":2,"name":"Industries"}]},{"@type":"WebSite","@id":"https:\/\/grips-energy.com\/#website","url":"https:\/\/grips-energy.com\/","name":"GRIPS Energy","description":"Clean energy solutions for your business","publisher":{"@id":"https:\/\/grips-energy.com\/#organization"},"potentialAction":[{"@type":"SearchAction","target":{"@type":"EntryPoint","urlTemplate":"https:\/\/grips-energy.com\/?s={search_term_string}"},"query-input":{"@type":"PropertyValueSpecification","valueRequired":true,"valueName":"search_term_string"}}],"inLanguage":"fr-FR"},{"@type":"Organization","@id":"https:\/\/grips-energy.com\/#organization","name":"GRIPS Energy GmbH","url":"https:\/\/grips-energy.com\/","logo":{"@type":"ImageObject","inLanguage":"fr-FR","@id":"https:\/\/grips-energy.com\/#\/schema\/logo\/image\/","url":"https:\/\/grips-energy.com\/wp-content\/uploads\/2024\/04\/GRIPS_Logo-cropped.png","contentUrl":"https:\/\/grips-energy.com\/wp-content\/uploads\/2024\/04\/GRIPS_Logo-cropped.png","width":1000,"height":563,"caption":"GRIPS Energy GmbH"},"image":{"@id":"https:\/\/grips-energy.com\/#\/schema\/logo\/image\/"},"sameAs":["https:\/\/www.facebook.com\/GRIPSenergy\/","https:\/\/x.com\/GripsEnergy","https:\/\/www.linkedin.com\/company\/grips-ag-energy-service-company\/"]}]}},"_links":{"self":[{"href":"https:\/\/grips-energy.com\/fr\/wp-json\/wp\/v2\/pages\/722","targetHints":{"allow":["GET"]}}],"collection":[{"href":"https:\/\/grips-energy.com\/fr\/wp-json\/wp\/v2\/pages"}],"about":[{"href":"https:\/\/grips-energy.com\/fr\/wp-json\/wp\/v2\/types\/page"}],"author":[{"embeddable":true,"href":"https:\/\/grips-energy.com\/fr\/wp-json\/wp\/v2\/users\/11"}],"replies":[{"embeddable":true,"href":"https:\/\/grips-energy.com\/fr\/wp-json\/wp\/v2\/comments?post=722"}],"version-history":[{"count":41,"href":"https:\/\/grips-energy.com\/fr\/wp-json\/wp\/v2\/pages\/722\/revisions"}],"predecessor-version":[{"id":1615,"href":"https:\/\/grips-energy.com\/fr\/wp-json\/wp\/v2\/pages\/722\/revisions\/1615"}],"wp:featuredmedia":[{"embeddable":true,"href":"https:\/\/grips-energy.com\/fr\/wp-json\/wp\/v2\/media\/724"}],"wp:attachment":[{"href":"https:\/\/grips-energy.com\/fr\/wp-json\/wp\/v2\/media?parent=722"}],"curies":[{"name":"wp","href":"https:\/\/api.w.org\/{rel}","templated":true}]}}