{"id":716,"date":"2019-12-04T14:15:47","date_gmt":"2019-12-04T14:15:47","guid":{"rendered":"https:\/\/grips-energy.com\/nextv?page_id=716"},"modified":"2026-02-08T09:48:03","modified_gmt":"2026-02-08T09:48:03","slug":"contact","status":"publish","type":"page","link":"https:\/\/grips-energy.com\/fr\/contact\/","title":{"rendered":"Contact"},"content":{"rendered":"\n<div class=\"wp-block-group alignfull advantages-group contact-group\"><div class=\"wp-block-group__inner-container is-layout-flow wp-block-group-is-layout-flow\">\n<p class=\"has-text-align-center\"><strong>info@grips-energy.com <\/strong><\/p>\n\n\n\n<p class=\"has-text-align-center header-36\"><strong>GRIPS<\/strong><\/p>\n\n\n\n<div class=\"wp-block-columns alignfull advantages-columns regional-offices is-layout-flex wp-container-core-columns-is-layout-9d6595d7 wp-block-columns-is-layout-flex\">\n<div class=\"wp-block-column is-layout-flow wp-block-column-is-layout-flow\">\n<div class=\"wp-block-group\"><div class=\"wp-block-group__inner-container is-layout-flow wp-block-group-is-layout-flow\"><\/div><\/div>\n\n\n\n<h4 class=\"wp-block-heading has-small-font-size\">GRIPS Energy C\u00f4te d&rsquo; Ivoire<\/h4>\n<\/div>\n\n\n\n<div class=\"wp-block-column is-layout-flow wp-block-column-is-layout-flow\">\n<div class=\"wp-block-group\"><div class=\"wp-block-group__inner-container is-layout-flow wp-block-group-is-layout-flow\">\n<figure class=\"wp-block-image size-large\"><img loading=\"lazy\" decoding=\"async\" width=\"720\" height=\"404\" src=\"https:\/\/grips-energy.com\/wp-content\/uploads\/2021\/07\/grips_contact_SENEGAL.jpg\" alt=\"\" class=\"wp-image-1221\" srcset=\"https:\/\/grips-energy.com\/wp-content\/uploads\/2021\/07\/grips_contact_SENEGAL.jpg 720w, https:\/\/grips-energy.com\/wp-content\/uploads\/2021\/07\/grips_contact_SENEGAL-300x168.jpg 300w\" sizes=\"auto, (max-width: 720px) 100vw, 720px\" \/><\/figure>\n\n\n\n<h4 class=\"wp-block-heading has-small-font-size\">GRIPS Energy S\u00e9n\u00e9gal<\/h4>\n<\/div><\/div>\n<\/div>\n\n\n\n<div class=\"wp-block-column is-layout-flow wp-block-column-is-layout-flow\">\n<div class=\"wp-block-group\"><div class=\"wp-block-group__inner-container is-layout-flow wp-block-group-is-layout-flow\"><\/div><\/div>\n\n\n\n<h4 class=\"wp-block-heading has-small-font-size\">GRIPS Energy Botswana<\/h4>\n<\/div>\n<\/div>\n\n\n\n<div class=\"wp-block-columns alignfull advantages-columns regional-offices is-layout-flex wp-container-core-columns-is-layout-9d6595d7 wp-block-columns-is-layout-flex\">\n<div class=\"wp-block-column is-layout-flow wp-block-column-is-layout-flow\">\n<div class=\"wp-block-group\"><div class=\"wp-block-group__inner-container is-layout-flow wp-block-group-is-layout-flow\">\n<figure class=\"wp-block-image size-full\"><img loading=\"lazy\" decoding=\"async\" width=\"720\" height=\"404\" src=\"https:\/\/grips-energy.com\/wp-content\/uploads\/2024\/06\/Uganda.png\" alt=\"\" class=\"wp-image-1685\" srcset=\"https:\/\/grips-energy.com\/wp-content\/uploads\/2024\/06\/Uganda.png 720w, https:\/\/grips-energy.com\/wp-content\/uploads\/2024\/06\/Uganda-300x168.png 300w, https:\/\/grips-energy.com\/wp-content\/uploads\/2024\/06\/Uganda-50x28.png 50w\" sizes=\"auto, (max-width: 720px) 100vw, 720px\" \/><\/figure>\n<\/div><\/div>\n\n\n\n<h4 class=\"wp-block-heading has-small-font-size\">GRIPS Energy Ouganda<\/h4>\n<\/div>\n\n\n\n<div class=\"wp-block-column is-layout-flow wp-block-column-is-layout-flow\">\n<div class=\"wp-block-group\"><div class=\"wp-block-group__inner-container is-layout-flow wp-block-group-is-layout-flow\">\n<figure class=\"wp-block-image size-full\"><img loading=\"lazy\" decoding=\"async\" width=\"720\" height=\"404\" src=\"https:\/\/grips-energy.com\/wp-content\/uploads\/2024\/06\/Kenya-1.png\" alt=\"\" class=\"wp-image-1687\" srcset=\"https:\/\/grips-energy.com\/wp-content\/uploads\/2024\/06\/Kenya-1.png 720w, https:\/\/grips-energy.com\/wp-content\/uploads\/2024\/06\/Kenya-1-300x168.png 300w, https:\/\/grips-energy.com\/wp-content\/uploads\/2024\/06\/Kenya-1-50x28.png 50w\" sizes=\"auto, (max-width: 720px) 100vw, 720px\" \/><\/figure>\n<\/div><\/div>\n\n\n\n<h4 class=\"wp-block-heading has-small-font-size\">GRIPS Energy Kenya<\/h4>\n<\/div>\n\n\n\n<div class=\"wp-block-column is-layout-flow wp-block-column-is-layout-flow\">\n<div class=\"wp-block-group\"><div class=\"wp-block-group__inner-container is-layout-flow wp-block-group-is-layout-flow\">\n<figure class=\"wp-block-image size-large\"><img loading=\"lazy\" decoding=\"async\" width=\"720\" height=\"404\" src=\"https:\/\/grips-energy.com\/wp-content\/uploads\/2021\/07\/grips_contact_ZAMBIA.jpg\" alt=\"\" class=\"wp-image-1230\" srcset=\"https:\/\/grips-energy.com\/wp-content\/uploads\/2021\/07\/grips_contact_ZAMBIA.jpg 720w, https:\/\/grips-energy.com\/wp-content\/uploads\/2021\/07\/grips_contact_ZAMBIA-300x168.jpg 300w\" sizes=\"auto, (max-width: 720px) 100vw, 720px\" \/><\/figure>\n<\/div><\/div>\n\n\n\n<h4 class=\"wp-block-heading has-small-font-size\">GRIPS Energy Zambie<\/h4>\n<\/div>\n<\/div>\n<\/div><\/div>\n","protected":false},"excerpt":{"rendered":"<p>info@grips-energy.com GRIPS GRIPS Energy C\u00f4te d&rsquo; Ivoire GRIPS Energy S\u00e9n\u00e9gal GRIPS Energy Botswana GRIPS Energy Ouganda GRIPS Energy Kenya GRIPS Energy Zambie<\/p>\n","protected":false},"author":11,"featured_media":717,"parent":0,"menu_order":0,"comment_status":"closed","ping_status":"closed","template":"templates\/template-cover.php","meta":{"_monsterinsights_skip_tracking":false,"_monsterinsights_sitenote_active":false,"_monsterinsights_sitenote_note":"","_monsterinsights_sitenote_category":0,"footnotes":""},"class_list":["post-716","page","type-page","status-publish","has-post-thumbnail","hentry"],"yoast_head":"<!-- This site is optimized with the Yoast SEO plugin v27.5 - https:\/\/yoast.com\/product\/yoast-seo-wordpress\/ -->\n<title>Contact - GRIPS<\/title>\n<meta name=\"robots\" content=\"index, follow, max-snippet:-1, max-image-preview:large, max-video-preview:-1\" \/>\n<link rel=\"canonical\" href=\"https:\/\/grips-energy.com\/fr\/contact\/\" \/>\n<meta property=\"og:locale\" content=\"fr_FR\" \/>\n<meta property=\"og:type\" content=\"article\" \/>\n<meta property=\"og:title\" content=\"Contact - GRIPS\" \/>\n<meta property=\"og:description\" content=\"info@grips-energy.com GRIPS GRIPS Energy C\u00f4te d&rsquo; Ivoire GRIPS Energy S\u00e9n\u00e9gal GRIPS Energy Botswana GRIPS Energy Ouganda GRIPS Energy Kenya GRIPS Energy Zambie\" \/>\n<meta property=\"og:url\" content=\"https:\/\/grips-energy.com\/fr\/contact\/\" \/>\n<meta property=\"og:site_name\" content=\"GRIPS\" \/>\n<meta property=\"article:publisher\" content=\"https:\/\/www.facebook.com\/GRIPSenergy\/\" \/>\n<meta property=\"article:modified_time\" content=\"2026-02-08T09:48:03+00:00\" \/>\n<meta property=\"og:image\" content=\"https:\/\/grips-energy.com\/wp-content\/uploads\/2020\/01\/GRIPS_CONTACT_HERO.jpg\" \/>\n\t<meta property=\"og:image:width\" content=\"2500\" \/>\n\t<meta property=\"og:image:height\" content=\"1250\" \/>\n\t<meta property=\"og:image:type\" content=\"image\/jpeg\" \/>\n<meta name=\"twitter:card\" content=\"summary_large_image\" \/>\n<meta name=\"twitter:site\" content=\"@GripsEnergy\" \/>\n<meta name=\"twitter:label1\" content=\"Dur\u00e9e de lecture estim\u00e9e\" \/>\n\t<meta name=\"twitter:data1\" content=\"2 minutes\" \/>\n<script type=\"application\/ld+json\" class=\"yoast-schema-graph\">{\"@context\":\"https:\\\/\\\/schema.org\",\"@graph\":[{\"@type\":\"WebPage\",\"@id\":\"https:\\\/\\\/grips-energy.com\\\/fr\\\/contact\\\/\",\"url\":\"https:\\\/\\\/grips-energy.com\\\/fr\\\/contact\\\/\",\"name\":\"Contact - GRIPS\",\"isPartOf\":{\"@id\":\"https:\\\/\\\/grips-energy.com\\\/#website\"},\"primaryImageOfPage\":{\"@id\":\"https:\\\/\\\/grips-energy.com\\\/fr\\\/contact\\\/#primaryimage\"},\"image\":{\"@id\":\"https:\\\/\\\/grips-energy.com\\\/fr\\\/contact\\\/#primaryimage\"},\"thumbnailUrl\":\"https:\\\/\\\/grips-energy.com\\\/wp-content\\\/uploads\\\/2020\\\/01\\\/GRIPS_CONTACT_HERO.jpg\",\"datePublished\":\"2019-12-04T14:15:47+00:00\",\"dateModified\":\"2026-02-08T09:48:03+00:00\",\"breadcrumb\":{\"@id\":\"https:\\\/\\\/grips-energy.com\\\/fr\\\/contact\\\/#breadcrumb\"},\"inLanguage\":\"fr-FR\",\"potentialAction\":[{\"@type\":\"ReadAction\",\"target\":[\"https:\\\/\\\/grips-energy.com\\\/fr\\\/contact\\\/\"]}]},{\"@type\":\"ImageObject\",\"inLanguage\":\"fr-FR\",\"@id\":\"https:\\\/\\\/grips-energy.com\\\/fr\\\/contact\\\/#primaryimage\",\"url\":\"https:\\\/\\\/grips-energy.com\\\/wp-content\\\/uploads\\\/2020\\\/01\\\/GRIPS_CONTACT_HERO.jpg\",\"contentUrl\":\"https:\\\/\\\/grips-energy.com\\\/wp-content\\\/uploads\\\/2020\\\/01\\\/GRIPS_CONTACT_HERO.jpg\",\"width\":2500,\"height\":1250},{\"@type\":\"BreadcrumbList\",\"@id\":\"https:\\\/\\\/grips-energy.com\\\/fr\\\/contact\\\/#breadcrumb\",\"itemListElement\":[{\"@type\":\"ListItem\",\"position\":1,\"name\":\"Home\",\"item\":\"https:\\\/\\\/grips-energy.com\\\/fr\\\/\"},{\"@type\":\"ListItem\",\"position\":2,\"name\":\"Contact\"}]},{\"@type\":\"WebSite\",\"@id\":\"https:\\\/\\\/grips-energy.com\\\/#website\",\"url\":\"https:\\\/\\\/grips-energy.com\\\/\",\"name\":\"GRIPS Energy\",\"description\":\"Clean energy solutions for your business\",\"publisher\":{\"@id\":\"https:\\\/\\\/grips-energy.com\\\/#organization\"},\"potentialAction\":[{\"@type\":\"SearchAction\",\"target\":{\"@type\":\"EntryPoint\",\"urlTemplate\":\"https:\\\/\\\/grips-energy.com\\\/?s={search_term_string}\"},\"query-input\":{\"@type\":\"PropertyValueSpecification\",\"valueRequired\":true,\"valueName\":\"search_term_string\"}}],\"inLanguage\":\"fr-FR\"},{\"@type\":\"Organization\",\"@id\":\"https:\\\/\\\/grips-energy.com\\\/#organization\",\"name\":\"GRIPS Energy GmbH\",\"url\":\"https:\\\/\\\/grips-energy.com\\\/\",\"logo\":{\"@type\":\"ImageObject\",\"inLanguage\":\"fr-FR\",\"@id\":\"https:\\\/\\\/grips-energy.com\\\/#\\\/schema\\\/logo\\\/image\\\/\",\"url\":\"https:\\\/\\\/grips-energy.com\\\/wp-content\\\/uploads\\\/2024\\\/04\\\/GRIPS_Logo-cropped.png\",\"contentUrl\":\"https:\\\/\\\/grips-energy.com\\\/wp-content\\\/uploads\\\/2024\\\/04\\\/GRIPS_Logo-cropped.png\",\"width\":1000,\"height\":563,\"caption\":\"GRIPS Energy GmbH\"},\"image\":{\"@id\":\"https:\\\/\\\/grips-energy.com\\\/#\\\/schema\\\/logo\\\/image\\\/\"},\"sameAs\":[\"https:\\\/\\\/www.facebook.com\\\/GRIPSenergy\\\/\",\"https:\\\/\\\/x.com\\\/GripsEnergy\",\"https:\\\/\\\/www.linkedin.com\\\/company\\\/grips-ag-energy-service-company\\\/\"]}]}<\/script>\n<!-- \/ Yoast SEO plugin. -->","yoast_head_json":{"title":"Contact - GRIPS","robots":{"index":"index","follow":"follow","max-snippet":"max-snippet:-1","max-image-preview":"max-image-preview:large","max-video-preview":"max-video-preview:-1"},"canonical":"https:\/\/grips-energy.com\/fr\/contact\/","og_locale":"fr_FR","og_type":"article","og_title":"Contact - GRIPS","og_description":"info@grips-energy.com GRIPS GRIPS Energy C\u00f4te d&rsquo; Ivoire GRIPS Energy S\u00e9n\u00e9gal GRIPS Energy Botswana GRIPS Energy Ouganda GRIPS Energy Kenya GRIPS Energy Zambie","og_url":"https:\/\/grips-energy.com\/fr\/contact\/","og_site_name":"GRIPS","article_publisher":"https:\/\/www.facebook.com\/GRIPSenergy\/","article_modified_time":"2026-02-08T09:48:03+00:00","og_image":[{"width":2500,"height":1250,"url":"https:\/\/grips-energy.com\/wp-content\/uploads\/2020\/01\/GRIPS_CONTACT_HERO.jpg","type":"image\/jpeg"}],"twitter_card":"summary_large_image","twitter_site":"@GripsEnergy","twitter_misc":{"Dur\u00e9e de lecture estim\u00e9e":"2 minutes"},"schema":{"@context":"https:\/\/schema.org","@graph":[{"@type":"WebPage","@id":"https:\/\/grips-energy.com\/fr\/contact\/","url":"https:\/\/grips-energy.com\/fr\/contact\/","name":"Contact - GRIPS","isPartOf":{"@id":"https:\/\/grips-energy.com\/#website"},"primaryImageOfPage":{"@id":"https:\/\/grips-energy.com\/fr\/contact\/#primaryimage"},"image":{"@id":"https:\/\/grips-energy.com\/fr\/contact\/#primaryimage"},"thumbnailUrl":"https:\/\/grips-energy.com\/wp-content\/uploads\/2020\/01\/GRIPS_CONTACT_HERO.jpg","datePublished":"2019-12-04T14:15:47+00:00","dateModified":"2026-02-08T09:48:03+00:00","breadcrumb":{"@id":"https:\/\/grips-energy.com\/fr\/contact\/#breadcrumb"},"inLanguage":"fr-FR","potentialAction":[{"@type":"ReadAction","target":["https:\/\/grips-energy.com\/fr\/contact\/"]}]},{"@type":"ImageObject","inLanguage":"fr-FR","@id":"https:\/\/grips-energy.com\/fr\/contact\/#primaryimage","url":"https:\/\/grips-energy.com\/wp-content\/uploads\/2020\/01\/GRIPS_CONTACT_HERO.jpg","contentUrl":"https:\/\/grips-energy.com\/wp-content\/uploads\/2020\/01\/GRIPS_CONTACT_HERO.jpg","width":2500,"height":1250},{"@type":"BreadcrumbList","@id":"https:\/\/grips-energy.com\/fr\/contact\/#breadcrumb","itemListElement":[{"@type":"ListItem","position":1,"name":"Home","item":"https:\/\/grips-energy.com\/fr\/"},{"@type":"ListItem","position":2,"name":"Contact"}]},{"@type":"WebSite","@id":"https:\/\/grips-energy.com\/#website","url":"https:\/\/grips-energy.com\/","name":"GRIPS Energy","description":"Clean energy solutions for your business","publisher":{"@id":"https:\/\/grips-energy.com\/#organization"},"potentialAction":[{"@type":"SearchAction","target":{"@type":"EntryPoint","urlTemplate":"https:\/\/grips-energy.com\/?s={search_term_string}"},"query-input":{"@type":"PropertyValueSpecification","valueRequired":true,"valueName":"search_term_string"}}],"inLanguage":"fr-FR"},{"@type":"Organization","@id":"https:\/\/grips-energy.com\/#organization","name":"GRIPS Energy GmbH","url":"https:\/\/grips-energy.com\/","logo":{"@type":"ImageObject","inLanguage":"fr-FR","@id":"https:\/\/grips-energy.com\/#\/schema\/logo\/image\/","url":"https:\/\/grips-energy.com\/wp-content\/uploads\/2024\/04\/GRIPS_Logo-cropped.png","contentUrl":"https:\/\/grips-energy.com\/wp-content\/uploads\/2024\/04\/GRIPS_Logo-cropped.png","width":1000,"height":563,"caption":"GRIPS Energy GmbH"},"image":{"@id":"https:\/\/grips-energy.com\/#\/schema\/logo\/image\/"},"sameAs":["https:\/\/www.facebook.com\/GRIPSenergy\/","https:\/\/x.com\/GripsEnergy","https:\/\/www.linkedin.com\/company\/grips-ag-energy-service-company\/"]}]}},"_links":{"self":[{"href":"https:\/\/grips-energy.com\/fr\/wp-json\/wp\/v2\/pages\/716","targetHints":{"allow":["GET"]}}],"collection":[{"href":"https:\/\/grips-energy.com\/fr\/wp-json\/wp\/v2\/pages"}],"about":[{"href":"https:\/\/grips-energy.com\/fr\/wp-json\/wp\/v2\/types\/page"}],"author":[{"embeddable":true,"href":"https:\/\/grips-energy.com\/fr\/wp-json\/wp\/v2\/users\/11"}],"replies":[{"embeddable":true,"href":"https:\/\/grips-energy.com\/fr\/wp-json\/wp\/v2\/comments?post=716"}],"version-history":[{"count":29,"href":"https:\/\/grips-energy.com\/fr\/wp-json\/wp\/v2\/pages\/716\/revisions"}],"predecessor-version":[{"id":3558,"href":"https:\/\/grips-energy.com\/fr\/wp-json\/wp\/v2\/pages\/716\/revisions\/3558"}],"wp:featuredmedia":[{"embeddable":true,"href":"https:\/\/grips-energy.com\/fr\/wp-json\/wp\/v2\/media\/717"}],"wp:attachment":[{"href":"https:\/\/grips-energy.com\/fr\/wp-json\/wp\/v2\/media?parent=716"}],"curies":[{"name":"wp","href":"https:\/\/api.w.org\/{rel}","templated":true}]}}