{"id":710,"date":"2019-12-04T14:09:06","date_gmt":"2019-12-04T14:09:06","guid":{"rendered":"https:\/\/grips-energy.com\/nextv?page_id=710"},"modified":"2026-02-08T09:45:02","modified_gmt":"2026-02-08T09:45:02","slug":"about","status":"publish","type":"page","link":"https:\/\/grips-energy.com\/fr\/about\/","title":{"rendered":"Qui sommes-nous ?"},"content":{"rendered":"\n<a name=\"our-mission\" class=\"lowered-anchor\"><\/a>\n\n\n\n<div class=\"wp-block-media-text alignwide is-stacked-on-mobile content-alt-list-media-left-1\"><figure class=\"wp-block-media-text__media\"><img loading=\"lazy\" decoding=\"async\" width=\"960\" height=\"760\" src=\"https:\/\/grips-energy.com\/wp-content\/uploads\/2020\/02\/GRIPS_ABOUT_CLEAN_ENERGY-1.jpg\" alt=\"\" class=\"wp-image-550 size-full\" srcset=\"https:\/\/grips-energy.com\/wp-content\/uploads\/2020\/02\/GRIPS_ABOUT_CLEAN_ENERGY-1.jpg 960w, https:\/\/grips-energy.com\/wp-content\/uploads\/2020\/02\/GRIPS_ABOUT_CLEAN_ENERGY-1-300x238.jpg 300w, https:\/\/grips-energy.com\/wp-content\/uploads\/2020\/02\/GRIPS_ABOUT_CLEAN_ENERGY-1-768x608.jpg 768w\" sizes=\"auto, (max-width: 960px) 100vw, 960px\" \/><\/figure><div class=\"wp-block-media-text__content\">\n<h4 class=\"wp-block-heading\">Notre mission&nbsp;: une \u00e9nergie propre et une croissance \u00e9conomique pour les pays \u00e9mergents.<\/h4>\n\n\n\n<p class=\"content-first-list-item small-font\">GRIPS Energy est un investisseur et un entrepreneur en \u00e9nergies renouvelables (IPP\/ESCO). Pour les entreprises des march\u00e9s \u00e9mergents, nous rempla\u00e7ons l&rsquo;approvisionnement en \u00e9lectricit\u00e9 d&rsquo;origine fossile par des syst\u00e8mes fiables, abordables et pr\u00e9financ\u00e9s, bas\u00e9s sur les \u00e9nergies renouvelables. Nos solutions sont neutres vis-\u00e0-vis des fournisseurs des \u00e9quipements et agnostiques sur le plan technologique. Cela nous permet de rester flexibles, et de concevoir et construire des syst\u00e8mes r\u00e9pondant exactement aux besoins sp\u00e9cifiques de nos clients. Notre objectif est de favoriser la croissance \u00e9conomique tout en contribuant \u00e0 la r\u00e9duction des \u00e9missions de CO2 dans le monde entier.<\/p>\n<\/div><\/div>\n\n\n\n<a name=\"our-offer\" class=\"lowered-anchor\"><\/a>\n\n\n\n<div class=\"wp-block-media-text alignwide has-media-on-the-right is-stacked-on-mobile content-alt-list-media-right-3\"><div class=\"wp-block-media-text__content\">\n<h4 class=\"wp-block-heading\">Notre offre : un acc\u00e8s facile aux \u00e9nergies renouvelables pour les commerces et les industries<\/h4>\n\n\n\n<p class=\"small-font\">Gr\u00e2ce \u00e0 nos mod\u00e8les de contrats pr\u00e9financ\u00e9s, nos clients acc\u00e8dent facilement et \u00e0 moindre risque aux \u00e9nergies renouvelables. Nous finan\u00e7ons l&rsquo;actif et en restons propri\u00e9taire, et nous l\u2019exploitons afin de garantir \u00e0 nos clients une part maximale d&rsquo;\u00e9nergies renouvelables.<\/p>\n\n\n\n<p class=\"small-font\">GRIPS fournit le savoir-faire, l&rsquo;exp\u00e9rience et le financement n\u00e9cessaires pour r\u00e9aliser la transition vers les \u00e9nergies renouvelables avec et pour ses clients.<\/p>\n<\/div><figure class=\"wp-block-media-text__media\"><img loading=\"lazy\" decoding=\"async\" width=\"960\" height=\"760\" src=\"https:\/\/grips-energy.com\/wp-content\/uploads\/2020\/02\/GRIPS_ABOUT_OUR_OFFER-2.jpg\" alt=\"\" class=\"wp-image-554 size-full\" srcset=\"https:\/\/grips-energy.com\/wp-content\/uploads\/2020\/02\/GRIPS_ABOUT_OUR_OFFER-2.jpg 960w, https:\/\/grips-energy.com\/wp-content\/uploads\/2020\/02\/GRIPS_ABOUT_OUR_OFFER-2-300x238.jpg 300w, https:\/\/grips-energy.com\/wp-content\/uploads\/2020\/02\/GRIPS_ABOUT_OUR_OFFER-2-768x608.jpg 768w\" sizes=\"auto, (max-width: 960px) 100vw, 960px\" \/><\/figure><\/div>\n\n\n\n<div class=\"wp-block-columns is-layout-flex wp-container-core-columns-is-layout-9d6595d7 wp-block-columns-is-layout-flex\">\n<div class=\"wp-block-column is-layout-flow wp-block-column-is-layout-flow\">\n<p class=\"header-36\"><\/p>\n<\/div>\n\n\n\n<div class=\"wp-block-column is-layout-flow wp-block-column-is-layout-flow\">\n<h4 class=\"wp-block-heading\">Les \u00e9nergies renouvelables en tant que service<\/h4>\n\n\n\n<p class=\"small-font\">Nous fournissons de l&rsquo;\u00e9nergie selon la m\u00e9thode du \u00ab&nbsp;paiement \u00e0 l\u2019usage&nbsp;\u00bb g\u00e9r\u00e9 par des contrats pr\u00e9financ\u00e9s, tels que le leasing, l\u2019accord d&rsquo;achat d&rsquo;\u00e9lectricit\u00e9 (PPA) ou la location-vente.<\/p>\n<\/div>\n<\/div>\n\n\n<div class=\"wp-block-image image-right\">\n<figure class=\"aligncenter size-large\"><img loading=\"lazy\" decoding=\"async\" width=\"1170\" height=\"480\" src=\"https:\/\/grips-energy.com\/wp-content\/uploads\/2020\/09\/Business_Model_Simple.png\" alt=\"\" class=\"wp-image-1150\" srcset=\"https:\/\/grips-energy.com\/wp-content\/uploads\/2020\/09\/Business_Model_Simple.png 1170w, https:\/\/grips-energy.com\/wp-content\/uploads\/2020\/09\/Business_Model_Simple-300x123.png 300w, https:\/\/grips-energy.com\/wp-content\/uploads\/2020\/09\/Business_Model_Simple-768x315.png 768w\" sizes=\"auto, (max-width: 1170px) 100vw, 1170px\" \/><\/figure>\n<\/div>\n\n\n<div class=\"wp-block-group alignfull content-black-group black-v3\"><div class=\"wp-block-group__inner-container is-layout-flow wp-block-group-is-layout-flow\">\n<div class=\"wp-block-columns black-list is-layout-flex wp-container-core-columns-is-layout-9d6595d7 wp-block-columns-is-layout-flex\">\n<div class=\"wp-block-column is-layout-flow wp-block-column-is-layout-flow\">\n<h4 class=\"wp-block-heading\">Les points cl\u00e9s des contrats de GRIPS<\/h4>\n<\/div>\n\n\n\n<div class=\"wp-block-column black-list--list-col is-layout-flow wp-block-column-is-layout-flow\">\n<ul class=\"wp-block-list yellow-cross-list\">\n<li><span>\u00c9NERGIE SELON LE MOD\u00e8le \u00ab&nbsp;PAIEMENT \u00c0 L\u2019USAGE&nbsp;\u00bb<\/span> <\/li>\n\n\n\n<li><span>CONTRATS PR\u00c9FINANC\u00c9S<\/span><\/li>\n\n\n\n<li><span>NOUS EXPLOITONS L\u2019ACTIF, qui reste notre propri\u00c9t\u00c9<\/span> <\/li>\n<\/ul>\n<\/div>\n<\/div>\n<\/div><\/div>\n","protected":false},"excerpt":{"rendered":"<p>Notre mission&nbsp;: une \u00e9nergie propre et une croissance \u00e9conomique pour les pays \u00e9mergents. GRIPS Energy est un investisseur et un entrepreneur en \u00e9nergies renouvelables (IPP\/ESCO). Pour les entreprises des march\u00e9s \u00e9mergents, nous rempla\u00e7ons l&rsquo;approvisionnement en \u00e9lectricit\u00e9 d&rsquo;origine fossile par des syst\u00e8mes fiables, abordables et pr\u00e9financ\u00e9s, bas\u00e9s sur les \u00e9nergies renouvelables. Nos solutions sont neutres vis-\u00e0-vis [&hellip;]<\/p>\n","protected":false},"author":11,"featured_media":712,"parent":0,"menu_order":0,"comment_status":"closed","ping_status":"closed","template":"templates\/template-cover.php","meta":{"_monsterinsights_skip_tracking":false,"_monsterinsights_sitenote_active":false,"_monsterinsights_sitenote_note":"","_monsterinsights_sitenote_category":0,"footnotes":""},"class_list":["post-710","page","type-page","status-publish","has-post-thumbnail","hentry"],"yoast_head":"<!-- This site is optimized with the Yoast SEO plugin v27.5 - https:\/\/yoast.com\/product\/yoast-seo-wordpress\/ -->\n<title>Qui sommes-nous ? - GRIPS<\/title>\n<meta name=\"robots\" content=\"index, follow, max-snippet:-1, max-image-preview:large, max-video-preview:-1\" \/>\n<link rel=\"canonical\" href=\"https:\/\/grips-energy.com\/fr\/about\/\" \/>\n<meta property=\"og:locale\" content=\"fr_FR\" \/>\n<meta property=\"og:type\" content=\"article\" \/>\n<meta property=\"og:title\" content=\"Qui sommes-nous ? - GRIPS\" \/>\n<meta property=\"og:description\" content=\"Notre mission&nbsp;: une \u00e9nergie propre et une croissance \u00e9conomique pour les pays \u00e9mergents. GRIPS Energy est un investisseur et un entrepreneur en \u00e9nergies renouvelables (IPP\/ESCO). Pour les entreprises des march\u00e9s \u00e9mergents, nous rempla\u00e7ons l&rsquo;approvisionnement en \u00e9lectricit\u00e9 d&rsquo;origine fossile par des syst\u00e8mes fiables, abordables et pr\u00e9financ\u00e9s, bas\u00e9s sur les \u00e9nergies renouvelables. Nos solutions sont neutres vis-\u00e0-vis [&hellip;]\" \/>\n<meta property=\"og:url\" content=\"https:\/\/grips-energy.com\/fr\/about\/\" \/>\n<meta property=\"og:site_name\" content=\"GRIPS\" \/>\n<meta property=\"article:publisher\" content=\"https:\/\/www.facebook.com\/GRIPSenergy\/\" \/>\n<meta property=\"article:modified_time\" content=\"2026-02-08T09:45:02+00:00\" \/>\n<meta property=\"og:image\" content=\"https:\/\/grips-energy.com\/wp-content\/uploads\/2020\/02\/GRIPS_HERO_ABOUT.jpg\" \/>\n\t<meta property=\"og:image:width\" content=\"2500\" \/>\n\t<meta property=\"og:image:height\" content=\"1250\" \/>\n\t<meta property=\"og:image:type\" content=\"image\/jpeg\" \/>\n<meta name=\"twitter:card\" content=\"summary_large_image\" \/>\n<meta name=\"twitter:site\" content=\"@GripsEnergy\" \/>\n<meta name=\"twitter:label1\" content=\"Dur\u00e9e de lecture estim\u00e9e\" \/>\n\t<meta name=\"twitter:data1\" content=\"2 minutes\" \/>\n<script type=\"application\/ld+json\" class=\"yoast-schema-graph\">{\"@context\":\"https:\\\/\\\/schema.org\",\"@graph\":[{\"@type\":\"WebPage\",\"@id\":\"https:\\\/\\\/grips-energy.com\\\/fr\\\/about\\\/\",\"url\":\"https:\\\/\\\/grips-energy.com\\\/fr\\\/about\\\/\",\"name\":\"Qui sommes-nous ? - GRIPS\",\"isPartOf\":{\"@id\":\"https:\\\/\\\/grips-energy.com\\\/#website\"},\"primaryImageOfPage\":{\"@id\":\"https:\\\/\\\/grips-energy.com\\\/fr\\\/about\\\/#primaryimage\"},\"image\":{\"@id\":\"https:\\\/\\\/grips-energy.com\\\/fr\\\/about\\\/#primaryimage\"},\"thumbnailUrl\":\"https:\\\/\\\/grips-energy.com\\\/wp-content\\\/uploads\\\/2020\\\/02\\\/GRIPS_HERO_ABOUT.jpg\",\"datePublished\":\"2019-12-04T14:09:06+00:00\",\"dateModified\":\"2026-02-08T09:45:02+00:00\",\"breadcrumb\":{\"@id\":\"https:\\\/\\\/grips-energy.com\\\/fr\\\/about\\\/#breadcrumb\"},\"inLanguage\":\"fr-FR\",\"potentialAction\":[{\"@type\":\"ReadAction\",\"target\":[\"https:\\\/\\\/grips-energy.com\\\/fr\\\/about\\\/\"]}]},{\"@type\":\"ImageObject\",\"inLanguage\":\"fr-FR\",\"@id\":\"https:\\\/\\\/grips-energy.com\\\/fr\\\/about\\\/#primaryimage\",\"url\":\"https:\\\/\\\/grips-energy.com\\\/wp-content\\\/uploads\\\/2020\\\/02\\\/GRIPS_HERO_ABOUT.jpg\",\"contentUrl\":\"https:\\\/\\\/grips-energy.com\\\/wp-content\\\/uploads\\\/2020\\\/02\\\/GRIPS_HERO_ABOUT.jpg\",\"width\":2500,\"height\":1250},{\"@type\":\"BreadcrumbList\",\"@id\":\"https:\\\/\\\/grips-energy.com\\\/fr\\\/about\\\/#breadcrumb\",\"itemListElement\":[{\"@type\":\"ListItem\",\"position\":1,\"name\":\"Home\",\"item\":\"https:\\\/\\\/grips-energy.com\\\/fr\\\/\"},{\"@type\":\"ListItem\",\"position\":2,\"name\":\"Qui sommes-nous ?\"}]},{\"@type\":\"WebSite\",\"@id\":\"https:\\\/\\\/grips-energy.com\\\/#website\",\"url\":\"https:\\\/\\\/grips-energy.com\\\/\",\"name\":\"GRIPS Energy\",\"description\":\"Clean energy solutions for your business\",\"publisher\":{\"@id\":\"https:\\\/\\\/grips-energy.com\\\/#organization\"},\"potentialAction\":[{\"@type\":\"SearchAction\",\"target\":{\"@type\":\"EntryPoint\",\"urlTemplate\":\"https:\\\/\\\/grips-energy.com\\\/?s={search_term_string}\"},\"query-input\":{\"@type\":\"PropertyValueSpecification\",\"valueRequired\":true,\"valueName\":\"search_term_string\"}}],\"inLanguage\":\"fr-FR\"},{\"@type\":\"Organization\",\"@id\":\"https:\\\/\\\/grips-energy.com\\\/#organization\",\"name\":\"GRIPS Energy GmbH\",\"url\":\"https:\\\/\\\/grips-energy.com\\\/\",\"logo\":{\"@type\":\"ImageObject\",\"inLanguage\":\"fr-FR\",\"@id\":\"https:\\\/\\\/grips-energy.com\\\/#\\\/schema\\\/logo\\\/image\\\/\",\"url\":\"https:\\\/\\\/grips-energy.com\\\/wp-content\\\/uploads\\\/2024\\\/04\\\/GRIPS_Logo-cropped.png\",\"contentUrl\":\"https:\\\/\\\/grips-energy.com\\\/wp-content\\\/uploads\\\/2024\\\/04\\\/GRIPS_Logo-cropped.png\",\"width\":1000,\"height\":563,\"caption\":\"GRIPS Energy GmbH\"},\"image\":{\"@id\":\"https:\\\/\\\/grips-energy.com\\\/#\\\/schema\\\/logo\\\/image\\\/\"},\"sameAs\":[\"https:\\\/\\\/www.facebook.com\\\/GRIPSenergy\\\/\",\"https:\\\/\\\/x.com\\\/GripsEnergy\",\"https:\\\/\\\/www.linkedin.com\\\/company\\\/grips-ag-energy-service-company\\\/\"]}]}<\/script>\n<!-- \/ Yoast SEO plugin. -->","yoast_head_json":{"title":"Qui sommes-nous ? - GRIPS","robots":{"index":"index","follow":"follow","max-snippet":"max-snippet:-1","max-image-preview":"max-image-preview:large","max-video-preview":"max-video-preview:-1"},"canonical":"https:\/\/grips-energy.com\/fr\/about\/","og_locale":"fr_FR","og_type":"article","og_title":"Qui sommes-nous ? - GRIPS","og_description":"Notre mission&nbsp;: une \u00e9nergie propre et une croissance \u00e9conomique pour les pays \u00e9mergents. GRIPS Energy est un investisseur et un entrepreneur en \u00e9nergies renouvelables (IPP\/ESCO). Pour les entreprises des march\u00e9s \u00e9mergents, nous rempla\u00e7ons l&rsquo;approvisionnement en \u00e9lectricit\u00e9 d&rsquo;origine fossile par des syst\u00e8mes fiables, abordables et pr\u00e9financ\u00e9s, bas\u00e9s sur les \u00e9nergies renouvelables. Nos solutions sont neutres vis-\u00e0-vis [&hellip;]","og_url":"https:\/\/grips-energy.com\/fr\/about\/","og_site_name":"GRIPS","article_publisher":"https:\/\/www.facebook.com\/GRIPSenergy\/","article_modified_time":"2026-02-08T09:45:02+00:00","og_image":[{"width":2500,"height":1250,"url":"https:\/\/grips-energy.com\/wp-content\/uploads\/2020\/02\/GRIPS_HERO_ABOUT.jpg","type":"image\/jpeg"}],"twitter_card":"summary_large_image","twitter_site":"@GripsEnergy","twitter_misc":{"Dur\u00e9e de lecture estim\u00e9e":"2 minutes"},"schema":{"@context":"https:\/\/schema.org","@graph":[{"@type":"WebPage","@id":"https:\/\/grips-energy.com\/fr\/about\/","url":"https:\/\/grips-energy.com\/fr\/about\/","name":"Qui sommes-nous ? - GRIPS","isPartOf":{"@id":"https:\/\/grips-energy.com\/#website"},"primaryImageOfPage":{"@id":"https:\/\/grips-energy.com\/fr\/about\/#primaryimage"},"image":{"@id":"https:\/\/grips-energy.com\/fr\/about\/#primaryimage"},"thumbnailUrl":"https:\/\/grips-energy.com\/wp-content\/uploads\/2020\/02\/GRIPS_HERO_ABOUT.jpg","datePublished":"2019-12-04T14:09:06+00:00","dateModified":"2026-02-08T09:45:02+00:00","breadcrumb":{"@id":"https:\/\/grips-energy.com\/fr\/about\/#breadcrumb"},"inLanguage":"fr-FR","potentialAction":[{"@type":"ReadAction","target":["https:\/\/grips-energy.com\/fr\/about\/"]}]},{"@type":"ImageObject","inLanguage":"fr-FR","@id":"https:\/\/grips-energy.com\/fr\/about\/#primaryimage","url":"https:\/\/grips-energy.com\/wp-content\/uploads\/2020\/02\/GRIPS_HERO_ABOUT.jpg","contentUrl":"https:\/\/grips-energy.com\/wp-content\/uploads\/2020\/02\/GRIPS_HERO_ABOUT.jpg","width":2500,"height":1250},{"@type":"BreadcrumbList","@id":"https:\/\/grips-energy.com\/fr\/about\/#breadcrumb","itemListElement":[{"@type":"ListItem","position":1,"name":"Home","item":"https:\/\/grips-energy.com\/fr\/"},{"@type":"ListItem","position":2,"name":"Qui sommes-nous ?"}]},{"@type":"WebSite","@id":"https:\/\/grips-energy.com\/#website","url":"https:\/\/grips-energy.com\/","name":"GRIPS Energy","description":"Clean energy solutions for your business","publisher":{"@id":"https:\/\/grips-energy.com\/#organization"},"potentialAction":[{"@type":"SearchAction","target":{"@type":"EntryPoint","urlTemplate":"https:\/\/grips-energy.com\/?s={search_term_string}"},"query-input":{"@type":"PropertyValueSpecification","valueRequired":true,"valueName":"search_term_string"}}],"inLanguage":"fr-FR"},{"@type":"Organization","@id":"https:\/\/grips-energy.com\/#organization","name":"GRIPS Energy GmbH","url":"https:\/\/grips-energy.com\/","logo":{"@type":"ImageObject","inLanguage":"fr-FR","@id":"https:\/\/grips-energy.com\/#\/schema\/logo\/image\/","url":"https:\/\/grips-energy.com\/wp-content\/uploads\/2024\/04\/GRIPS_Logo-cropped.png","contentUrl":"https:\/\/grips-energy.com\/wp-content\/uploads\/2024\/04\/GRIPS_Logo-cropped.png","width":1000,"height":563,"caption":"GRIPS Energy GmbH"},"image":{"@id":"https:\/\/grips-energy.com\/#\/schema\/logo\/image\/"},"sameAs":["https:\/\/www.facebook.com\/GRIPSenergy\/","https:\/\/x.com\/GripsEnergy","https:\/\/www.linkedin.com\/company\/grips-ag-energy-service-company\/"]}]}},"_links":{"self":[{"href":"https:\/\/grips-energy.com\/fr\/wp-json\/wp\/v2\/pages\/710","targetHints":{"allow":["GET"]}}],"collection":[{"href":"https:\/\/grips-energy.com\/fr\/wp-json\/wp\/v2\/pages"}],"about":[{"href":"https:\/\/grips-energy.com\/fr\/wp-json\/wp\/v2\/types\/page"}],"author":[{"embeddable":true,"href":"https:\/\/grips-energy.com\/fr\/wp-json\/wp\/v2\/users\/11"}],"replies":[{"embeddable":true,"href":"https:\/\/grips-energy.com\/fr\/wp-json\/wp\/v2\/comments?post=710"}],"version-history":[{"count":39,"href":"https:\/\/grips-energy.com\/fr\/wp-json\/wp\/v2\/pages\/710\/revisions"}],"predecessor-version":[{"id":3557,"href":"https:\/\/grips-energy.com\/fr\/wp-json\/wp\/v2\/pages\/710\/revisions\/3557"}],"wp:featuredmedia":[{"embeddable":true,"href":"https:\/\/grips-energy.com\/fr\/wp-json\/wp\/v2\/media\/712"}],"wp:attachment":[{"href":"https:\/\/grips-energy.com\/fr\/wp-json\/wp\/v2\/media?parent=710"}],"curies":[{"name":"wp","href":"https:\/\/api.w.org\/{rel}","templated":true}]}}